{"id":20,"date":"2015-05-05T16:19:28","date_gmt":"2015-05-05T22:19:28","guid":{"rendered":"http:\/\/serviciosdealturamexico.com\/?page_id=20"},"modified":"2015-05-20T16:24:51","modified_gmt":"2015-05-20T22:24:51","slug":"inicio-2","status":"publish","type":"page","link":"https:\/\/serviciosdealturamexico.com\/","title":{"rendered":"Inicio"},"content":{"rendered":"<div class=\"wpb_row vc_row  vc_row-fluid  mk-fullwidth-false  attched-false vc_row-fluid\">\n\t<div style=\"\" class=\"vc_col-sm-12 wpb_column column_container \">\n\t\t\t<div class=\"avt_masterslider_el \" >\r\n\t\t<!-- MasterSlider -->\r\n\t\t<div id=\"P_MS69e2445ad9dd6\" class=\"master-slider-parent ms-parent-id-1\"  >\r\n\t\t\t\t\r\n\t\t\t\r\n\t\t\t<!-- MasterSlider Main -->\r\n\t\t\t<div id=\"MS69e2445ad9dd6\" class=\"master-slider ms-skin-default\" >\r\n\t\t\t\t \t\t\t\t \n\t\t\t\t<div  class=\"ms-slide\" data-delay=\"7\" data-fill-mode=\"fill\"  >\n\t\t\t\t\t<img src=\"https:\/\/serviciosdealturamexico.com\/wp-content\/plugins\/masterslider\/public\/assets\/js\/blank.gif\" alt=\"\" title=\"\" data-src=\"https:\/\/serviciosdealturamexico.com\/wp-content\/uploads\/2015\/05\/DSC_1528.jpg\" \/>\n\n\t\t\t\t\t<div  class=\"ms-layer  msp-cn-1-1\" style=\"width:872px;\"  data-effect=\"t(true,0,-600,n,-20,n,n,n,1,1,0,-50,n,n,n)\" data-duration=\"2500\"  data-ease=\"easeOutExpo\"                data-offset-x=\"47\" data-offset-y=\"295\" data-origin=\"tl\" >\nLIMPIEZA DE VIDRIOS<\/div>\n\n\n\t\t\t\t<\/div>\n\t\t\t\t<div  class=\"ms-slide\" data-delay=\"6\" data-fill-mode=\"fill\"  >\n\t\t\t\t\t<img src=\"https:\/\/serviciosdealturamexico.com\/wp-content\/plugins\/masterslider\/public\/assets\/js\/blank.gif\" alt=\"\" title=\"\" data-src=\"https:\/\/serviciosdealturamexico.com\/wp-content\/uploads\/2015\/05\/DSC_1130.jpg\" \/>\n\n\t\t\t\t\t<div  class=\"ms-layer  msp-preset-1\" style=\"width:500px;\"  data-effect=\"t(true,n,n,n,n,n,n,n,1.5,1.5,n,n,n,n,n)\" data-duration=\"2025\"  data-ease=\"easeOutBack\"                data-offset-x=\"51\" data-offset-y=\"182\" data-origin=\"tl\" >\nLIMPIEZA DE ACERO INOXIDABLE<\/div>\n\n\n\t\t\t\t<\/div>\n\t\t\t\t<div  class=\"ms-slide\" data-delay=\"6\" data-fill-mode=\"fill\"  >\n\t\t\t\t\t<div class=\"ms-pattern \" style=\"background-color:rgba(0, 0, 0, 0.34);\" ><\/div>\n\t\t\t\t\t<img src=\"https:\/\/serviciosdealturamexico.com\/wp-content\/plugins\/masterslider\/public\/assets\/js\/blank.gif\" alt=\"\" title=\"\" data-src=\"https:\/\/serviciosdealturamexico.com\/wp-content\/uploads\/2015\/05\/pintura.jpg\" \/>\n\n\t\t\t\t\t<div  class=\"ms-layer  msp-preset-1\" style=\"width:500px;\"  data-effect=\"t(true,n,n,n,n,n,n,n,1.5,1.5,n,n,n,n,n)\" data-duration=\"1500\"  data-ease=\"easeInOutCubic\"                data-offset-x=\"226\" data-offset-y=\"441\" data-origin=\"tl\" >\nPINTURA<\/div>\n\n\n\t\t\t\t<\/div>\n\t\t\t\t<div  class=\"ms-slide\" data-delay=\"6\" data-fill-mode=\"fill\"  >\n\t\t\t\t\t<div class=\"ms-pattern \" style=\"background-color:rgba(0, 0, 0, 0.34);\" ><\/div>\n\t\t\t\t\t<img src=\"https:\/\/serviciosdealturamexico.com\/wp-content\/plugins\/masterslider\/public\/assets\/js\/blank.gif\" alt=\"\" title=\"\" data-src=\"https:\/\/serviciosdealturamexico.com\/wp-content\/uploads\/2015\/05\/inspeccion-y-siliconeo.jpg\" \/>\n\n\t\t\t\t\t<div  class=\"ms-layer  msp-preset-1\" style=\"width:500px;\"  data-effect=\"t(true,n,n,n,n,n,n,n,1.5,1.5,n,n,n,n,n)\" data-duration=\"1500\"  data-ease=\"easeInOutCubic\"                data-offset-x=\"219\" data-offset-y=\"49\" data-origin=\"tl\" >\nINSPECCI\u00d3N Y SILICONEO<\/div>\n\n\n\t\t\t\t<\/div>\n\t\t\t\t<div  class=\"ms-slide\" data-delay=\"6\" data-fill-mode=\"fill\"  >\n\t\t\t\t\t<div class=\"ms-pattern \" style=\"background-color:rgba(0, 0, 0, 0.34);\" ><\/div>\n\t\t\t\t\t<img src=\"https:\/\/serviciosdealturamexico.com\/wp-content\/plugins\/masterslider\/public\/assets\/js\/blank.gif\" alt=\"\" title=\"\" data-src=\"https:\/\/serviciosdealturamexico.com\/wp-content\/uploads\/2015\/05\/espacios-confinados.jpg\" \/>\n\n\t\t\t\t\t<div  class=\"ms-layer  msp-preset-1\" style=\"width:500px;\"  data-effect=\"t(true,n,n,n,n,n,n,n,1.5,1.5,n,n,n,n,n)\" data-duration=\"1500\"  data-ease=\"easeInOutCubic\"                data-offset-x=\"224\" data-offset-y=\"108\" data-origin=\"tl\" >\nESPACIOS CONFINADOS<\/div>\n\n\n\t\t\t\t<\/div>\n\r\n\t\t\t<\/div>\r\n\t\t\t<!-- END MasterSlider Main -->\r\n\r\n\t\t\t \r\n\t\t<\/div>\r\n\t\t<!-- END MasterSlider --> \r\n\t\t\r\n\t\t<script>\r\n\t\t(function ( $ ) {\r\n\t\t\t\"use strict\";\r\n\r\n\t\t\t$(function () {\r\n\t\t\t\tvar masterslider_9dd6 = new MasterSlider();\r\n\r\n\t\t\t\t\/\/ slider controls\r\n\t\t\t\tmasterslider_9dd6.control('arrows'     ,{ autohide:true, overVideo:true  });                    \r\n\t\t\t\t\/\/ slider setup\r\n\t\t\t\tmasterslider_9dd6.setup(\"MS69e2445ad9dd6\", {\r\n\t\t\t\t\t\twidth           : 1000,\r\n\t\t\t\t\t\theight          : 700,\r\n\t\t\t\t\t\tspace           : 0,\r\n\t\t\t\t\t\tstart           : 1,\r\n\t\t\t\t\t\tgrabCursor      : true,\r\n\t\t\t\t\t\tswipe           : true,\r\n\t\t\t\t\t\tmouse           : true,\r\n\t\t\t\t\t\tlayout          : \"fullwidth\", \r\n\t\t\t\t\t\twheel           : false,\r\n\t\t\t\t\t\tautoplay        : true,\r\n\t\t\t\t\t\tinstantStartLayers:false,\r\n\t\t\t\t\t\tloop            : true,\r\n\t\t\t\t\t\tshuffle         : false,\r\n\t\t\t\t\t\tpreload         : 2,\r\n\t\t\t\t\t\theightLimit     : true,\r\n\t\t\t\t\t\tautoHeight      : false,\r\n\t\t\t\t\t\tsmoothHeight    : true,\r\n\t\t\t\t\t\tendPause        : false,\r\n\t\t\t\t\t\toverPause       : true,\r\n\t\t\t\t\t\tfillMode        : \"fill\", \r\n\t\t\t\t\t\tcenterControls  : false,\r\n\t\t\t\t\t\tlayersMode      : \"center\", \r\n\t\t\t\t\t\thideLayers      : false, \r\n\t\t\t\t\t\tfullscreenMargin: 0,\r\n\t\t\t\t\t\tspeed           : 20, \r\n\t\t\t\t\t\tdir             : \"h\", \r\n\t\t\t\t\t\tparallaxMode    : 'swipe',\n\t\t\t\t\t\tview            : \"fadeBasic\"\r\n\t\t\t\t});\r\n\t\t\t\t\r\n\r\n\t\t\t\t\n\t\t\t\t$(\"head\").append( \"<link rel='stylesheet' id='ms-fonts'  href='\/\/fonts.googleapis.com\/css?family=Lato:regular' type='text\/css' media='all' \/>\" );\n\n\t\t\t\twindow.masterslider_instances = window.masterslider_instances || {};\n\t\t\t\twindow.masterslider_instances[\"1_9dd6\"] = masterslider_9dd6;\n\t\t\t });\r\n\t\t\t\r\n\t\t})(jQuery);\r\n\t\t<\/script> \r\n\t\t\r\n<\/div><div class=\"vc_empty_space\"  style=\"height: 32px\" ><span class=\"vc_empty_space_inner\"><\/span><\/div>\r\n\n\n\t<\/div><\/div><div class=\"wpb_row vc_row  vc_row-fluid  mk-fullwidth-false  attched-false vc_row-fluid\">\n\t<div style=\"\" class=\"vc_col-sm-6 wpb_column column_container \">\n\t\t\t\t<div style=\" margin-bottom:0px;text-align: left;\" class=\"mk-text-block  \"><h2>Servicios de Altura M\u00e9xico<\/h2>\n<p>Somos una empresa joven, emprendedora y responsable, dedicada a ofrecer servicios en espacios confinados, trabajos verticales y\/o trabajos de altura, mediante la utilizaci\u00f3n de arneses y cuerdas.<\/p>\n<p><strong>Nuestro Objetivo:<\/strong> Salvaguardar y garantizar la integridad de nuestro personal, evitando el da\u00f1o de la propiedad de la empresa a quien prestaremos dicho servicio, por el uso de gr\u00faas y andamios evitando entorpecer labores de producci\u00f3n y proteger la integridad del personal de la planta.<\/p>\n<div class=\"clearboth\"><\/div><\/div> \n\t<\/div>\n\t<div style=\"\" class=\"vc_col-sm-6 wpb_column column_container \">\n\t\t\t<div class=\"mk-image-shortcode mk-shortcode   align-left simple-frame inside-image \" style=\"max-width: 800px; margin-bottom:10px\"><div class=\"mk-image-inner\"><img class=\"lightbox-false\" alt=\"\" title=\"\" src=\"https:\/\/serviciosdealturamexico.com\/wp-content\/uploads\/2015\/05\/20130807_101605.jpg\" \/><\/div><div class=\"clearboth\"><\/div><\/div>\n\t<\/div><\/div><div class=\"wpb_row vc_row  vc_row-fluid  mk-fullwidth-false  attched-false vc_row-fluid\">\n\t<div style=\"\" class=\"vc_col-sm-12 wpb_column column_container \">\n\t\t\t<div class=\"vc_empty_space\"  style=\"height: 50px\" ><span class=\"vc_empty_space_inner\"><\/span><\/div>\r\n\n\n\t<\/div><\/div><div class=\"wpb_row vc_row  vc_row-fluid  mk-fullwidth-false  attched-false vc_row-fluid\">\n\t<div style=\"\" class=\"vc_col-sm-12 wpb_column column_container \">\n\t\t\t<div class=\"vc_separator wpb_content_element vc_separator_align_center vc_sep_width_100 vc_sep_pos_align_center\">\r\n\t<span class=\"vc_sep_holder vc_sep_holder_l\"><span style=\"border-color:#5b1c0b;\" class=\"vc_sep_line\"><\/span><\/span>\r\n\t<h4>Reconocimientos<\/h4>\t<span class=\"vc_sep_holder vc_sep_holder_r\"><span style=\"border-color:#5b1c0b;\" class=\"vc_sep_line\"><\/span><\/span>\r\n<\/div>\r\n\n\n\t<\/div><\/div><div class=\"wpb_row vc_row  vc_row-fluid  mk-fullwidth-false  attched-false vc_row-fluid\">\n\t<div style=\"\" class=\"vc_col-sm-12 wpb_column column_container \">\n\t\t\t<div class=\"vc_empty_space\"  style=\"height: 32px\" ><span class=\"vc_empty_space_inner\"><\/span><\/div>\r\n\n\n\t<\/div><\/div><div class=\"wpb_row vc_row  vc_row-fluid  mk-fullwidth-false  attched-false vc_row-fluid\">\n\t<div style=\"\" class=\"vc_col-sm-12 wpb_column column_container \">\n\t\t\t\t<div style=\" margin-bottom:0px;text-align: left;\" class=\"mk-text-block  \"><p>Fuimos reconocidos por el gobierno del estado de Nuevo Le\u00f3n con el Premio Estatal de la Juventud 2011 y Premio Municipal de la Juventud 2011 por el municipio de Guadalupe, ambos premios acreditando el empuje y visi\u00f3n empresarial. Nuestro equipo de trabajo aplica constantemente cursos de actualizaci\u00f3n en nudos y anclajes para la realizaci\u00f3n de trabajos verticales, as\u00ed como rescate en las alturas, espacios confinados y primeros auxilios.<\/p>\n<div class=\"clearboth\"><\/div><\/div> \n\t<\/div><\/div><div class=\"wpb_row vc_row  vc_row-fluid  mk-fullwidth-false  attched-false vc_row-fluid\">\n\t<div style=\"\" class=\"vc_col-sm-4 wpb_column column_container \">\n\t\t\t\n\t<div class=\"wpb_single_image wpb_content_element vc_align_left\">\n\t\t<div class=\"wpb_wrapper\">\n\t\t\t\n\t\t\t<div class=\"vc_single_image-wrapper   vc_box_border_grey\"><img width=\"600\" height=\"450\" src=\"https:\/\/serviciosdealturamexico.com\/wp-content\/uploads\/2015\/05\/comprometidos-con-la-seguridad.jpg\" class=\"vc_single_image-img attachment-full\" alt=\"\" decoding=\"async\" loading=\"lazy\" srcset=\"https:\/\/serviciosdealturamexico.com\/wp-content\/uploads\/2015\/05\/comprometidos-con-la-seguridad.jpg 600w, https:\/\/serviciosdealturamexico.com\/wp-content\/uploads\/2015\/05\/comprometidos-con-la-seguridad-300x225.jpg 300w\" sizes=\"(max-width: 600px) 100vw, 600px\" \/><\/div>\n\t\t<\/div> \n\t<\/div> \t<div style=\" margin-bottom:0px;text-align: left;\" class=\"mk-text-block  \"><p class=\"txt-servicios-a\">Comprometidos con la seguridad<\/p>\n<div class=\"clearboth\"><\/div><\/div> \n\t<\/div>\n\t<div style=\"\" class=\"vc_col-sm-4 wpb_column column_container \">\n\t\t\t\n\t<div class=\"wpb_single_image wpb_content_element vc_align_left\">\n\t\t<div class=\"wpb_wrapper\">\n\t\t\t\n\t\t\t<div class=\"vc_single_image-wrapper   vc_box_border_grey\"><img width=\"600\" height=\"450\" src=\"https:\/\/serviciosdealturamexico.com\/wp-content\/uploads\/2015\/05\/trabajo-en-equipo.jpg\" class=\"vc_single_image-img attachment-full\" alt=\"\" decoding=\"async\" loading=\"lazy\" srcset=\"https:\/\/serviciosdealturamexico.com\/wp-content\/uploads\/2015\/05\/trabajo-en-equipo.jpg 600w, https:\/\/serviciosdealturamexico.com\/wp-content\/uploads\/2015\/05\/trabajo-en-equipo-300x225.jpg 300w\" sizes=\"(max-width: 600px) 100vw, 600px\" \/><\/div>\n\t\t<\/div> \n\t<\/div> \t<div style=\" margin-bottom:0px;text-align: left;\" class=\"mk-text-block  \"><p class=\"txt-servicios-b\">Trabajo en equipo<\/p>\n<div class=\"clearboth\"><\/div><\/div> \n\t<\/div>\n\t<div style=\"\" class=\"vc_col-sm-4 wpb_column column_container \">\n\t\t\t\n\t<div class=\"wpb_single_image wpb_content_element vc_align_left\">\n\t\t<div class=\"wpb_wrapper\">\n\t\t\t\n\t\t\t<div class=\"vc_single_image-wrapper   vc_box_border_grey\"><img width=\"600\" height=\"450\" src=\"https:\/\/serviciosdealturamexico.com\/wp-content\/uploads\/2015\/05\/socialmente-responsable.jpg\" class=\"vc_single_image-img attachment-full\" alt=\"\" decoding=\"async\" loading=\"lazy\" srcset=\"https:\/\/serviciosdealturamexico.com\/wp-content\/uploads\/2015\/05\/socialmente-responsable.jpg 600w, https:\/\/serviciosdealturamexico.com\/wp-content\/uploads\/2015\/05\/socialmente-responsable-300x225.jpg 300w\" sizes=\"(max-width: 600px) 100vw, 600px\" \/><\/div>\n\t\t<\/div> \n\t<\/div> \t<div style=\" margin-bottom:0px;text-align: left;\" class=\"mk-text-block  \"><p class=\"txt-servicios-c\">Empresa socialmente responsable<\/p>\n<div class=\"clearboth\"><\/div><\/div> \n\t<\/div><\/div><\/div><\/div><\/div><div class=\"wpb_row vc_row  vc_row-fluid  mk-fullwidth-true  attched-false vc_row-fluid\">\n\t<div style=\"\" class=\"vc_col-sm-12 wpb_column column_container \">\n\t\t\t<div class=\"vc_custom_heading vc_custom_1430931476483\" ><h5 style=\"font-size: 30px;color: #ffffff;text-align: center;font-family:Open Sans;font-weight:400;font-style:normal\" >No comprometa la seguridad de su empresa y de sus empleados a personas inexpertas en el ramo<\/h5><\/div>\n\t<\/div><\/div><div class=\"mk-main-wrapper-holder\"><div class=\"theme-page-wrapper full-layout mk-grid vc_row-fluid no-padding\"><div class=\"theme-content no-padding\">\n","protected":false},"excerpt":{"rendered":"LIMPIEZA DE VIDRIOS LIMPIEZA DE ACERO INOXIDABLE PINTURA INSPECCI\u00d3N Y SILICONEO ESPACIOS CONFINADOS (function ( $ ) { \"use strict\"; $(function () { var masterslider_ead8 = new MasterSlider(); \/\/ slider controls masterslider_ead8.control('arrows' ,{ autohide:true, overVideo:true }); \/\/ slider setup masterslider_ead8.setup(\"MS69e2445adead8\", { width : 1000, height : 700, space : 0, start : 1, grabCursor : [...]","protected":false},"author":2,"featured_media":0,"parent":0,"menu_order":0,"comment_status":"open","ping_status":"closed","template":"","meta":[],"_links":{"self":[{"href":"https:\/\/serviciosdealturamexico.com\/index.php?rest_route=\/wp\/v2\/pages\/20"}],"collection":[{"href":"https:\/\/serviciosdealturamexico.com\/index.php?rest_route=\/wp\/v2\/pages"}],"about":[{"href":"https:\/\/serviciosdealturamexico.com\/index.php?rest_route=\/wp\/v2\/types\/page"}],"author":[{"embeddable":true,"href":"https:\/\/serviciosdealturamexico.com\/index.php?rest_route=\/wp\/v2\/users\/2"}],"replies":[{"embeddable":true,"href":"https:\/\/serviciosdealturamexico.com\/index.php?rest_route=%2Fwp%2Fv2%2Fcomments&post=20"}],"version-history":[{"count":35,"href":"https:\/\/serviciosdealturamexico.com\/index.php?rest_route=\/wp\/v2\/pages\/20\/revisions"}],"predecessor-version":[{"id":289,"href":"https:\/\/serviciosdealturamexico.com\/index.php?rest_route=\/wp\/v2\/pages\/20\/revisions\/289"}],"wp:attachment":[{"href":"https:\/\/serviciosdealturamexico.com\/index.php?rest_route=%2Fwp%2Fv2%2Fmedia&parent=20"}],"curies":[{"name":"wp","href":"https:\/\/api.w.org\/{rel}","templated":true}]}}